{"id":6200,"date":"2025-05-16T06:47:56","date_gmt":"2025-05-16T06:47:56","guid":{"rendered":"https:\/\/getjova.com\/?page_id=6200"},"modified":"2026-03-10T15:12:16","modified_gmt":"2026-03-10T15:12:16","slug":"prompt-chatgpt-icp","status":"publish","type":"page","link":"https:\/\/getjova.com\/fr\/prompt-chatgpt-icp\/","title":{"rendered":"Prompt ChaGPT pour affiner son ICP + mod\u00e8le PDF \ud83d\udca1"},"content":{"rendered":"<p>[et_pb_section fb_built=\u00a0\u00bb1&Prime; _builder_version=\u00a0\u00bb4.27.3&Prime; _module_preset=\u00a0\u00bbdefault\u00a0\u00bb custom_padding=\u00a0\u00bb||||false|false\u00a0\u00bb global_colors_info=\u00a0\u00bb{}\u00a0\u00bb][et_pb_row column_structure=\u00a0\u00bb1_2,1_2&Prime; _builder_version=\u00a0\u00bb4.27.4&Prime; _module_preset=\u00a0\u00bbdefault\u00a0\u00bb custom_margin=\u00a0\u00bb||0px||false|false\u00a0\u00bb custom_padding=\u00a0\u00bb50px|50px|20px|50px|false|true\u00a0\u00bb global_colors_info=\u00a0\u00bb{}\u00a0\u00bb][et_pb_column type=\u00a0\u00bb1_2&Prime; _builder_version=\u00a0\u00bb4.27.3&Prime; _module_preset=\u00a0\u00bbdefault\u00a0\u00bb global_colors_info=\u00a0\u00bb{}\u00a0\u00bb][et_pb_image src=\u00a0\u00bbhttps:\/\/getjova.com\/wp-content\/uploads\/2025\/01\/logo_jova.webp\u00a0\u00bb alt=\u00a0\u00bblogo_jova\u00a0\u00bb title_text=\u00a0\u00bblogo_jova\u00a0\u00bb _builder_version=\u00a0\u00bb4.27.3&Prime; _module_preset=\u00a0\u00bbdefault\u00a0\u00bb max_width=\u00a0\u00bb200px\u00a0\u00bb max_height=\u00a0\u00bb200px\u00a0\u00bb global_colors_info=\u00a0\u00bb{}\u00a0\u00bb][\/et_pb_image][et_pb_text _builder_version=\u00a0\u00bb4.27.5&Prime; _module_preset=\u00a0\u00bbdefault\u00a0\u00bb hover_enabled=\u00a0\u00bb0&Prime; global_colors_info=\u00a0\u00bb{}\u00a0\u00bb sticky_enabled=\u00a0\u00bb0&Prime;]<\/p>\n<h1>Le Prompt Claude pour affiner son ICP (+ mod\u00e8le PDF) \ud83d\udcc8<\/h1>\n<p>Claude peut t&rsquo;aider \u00e0 comprendre les VRAIS probl\u00e8mes de tes prospects. Ceux qui les emp\u00eachent de dormir \u2935\ufe0e<\/p>\n<p><strong>Ton email professionnel :<\/strong><\/p>\n<p>[\/et_pb_text][et_pb_code _builder_version=\u00a0\u00bb4.27.4&Prime; _module_preset=\u00a0\u00bbdefault\u00a0\u00bb global_colors_info=\u00a0\u00bb{}\u00a0\u00bb]<\/p>\n<div class=\"neo-widget neo-form-widget neo-fwg-13784\" data-lp=\"e9a7d7c3-efb6-4479-a6e8-afe5a4823ca6\" data-ga-label=\"Prompt ChaGPT pour affiner son ICP + mod\u00e8le PDF\" data-ga-category=\"form_widget\" width=\"100%\"><\/div>\n<p>[\/et_pb_code][\/et_pb_column][et_pb_column type=\u00a0\u00bb1_2&Prime; _builder_version=\u00a0\u00bb4.27.3&Prime; _module_preset=\u00a0\u00bbdefault\u00a0\u00bb global_colors_info=\u00a0\u00bb{}\u00a0\u00bb][et_pb_image src=\u00a0\u00bbhttps:\/\/getjova.com\/wp-content\/uploads\/2025\/05\/Prompt-ICP-Persona.gif\u00a0\u00bb title_text=\u00a0\u00bbPrompt ICP &#038; Persona\u00a0\u00bb _builder_version=\u00a0\u00bb4.27.4&Prime; _module_preset=\u00a0\u00bbdefault\u00a0\u00bb global_colors_info=\u00a0\u00bb{}\u00a0\u00bb][\/et_pb_image][\/et_pb_column][\/et_pb_row][\/et_pb_section][et_pb_section fb_built=\u00a0\u00bb1&Prime; _builder_version=\u00a0\u00bb4.27.4&Prime; _module_preset=\u00a0\u00bbdefault\u00a0\u00bb background_color=\u00a0\u00bbRGBA(255,255,255,0)\u00a0\u00bb custom_padding=\u00a0\u00bb||75px|||\u00a0\u00bb global_colors_info=\u00a0\u00bb{}\u00a0\u00bb][et_pb_row _builder_version=\u00a0\u00bb4.27.4&Prime; _module_preset=\u00a0\u00bbdefault\u00a0\u00bb width=\u00a0\u00bb100%\u00a0\u00bb max_width=\u00a0\u00bb90vw\u00a0\u00bb custom_margin=\u00a0\u00bb0px||||false|false\u00a0\u00bb custom_padding=\u00a0\u00bb0px||0px|||\u00a0\u00bb global_colors_info=\u00a0\u00bb{}\u00a0\u00bb][et_pb_column type=\u00a0\u00bb4_4&Prime; _builder_version=\u00a0\u00bb4.27.3&Prime; _module_preset=\u00a0\u00bbdefault\u00a0\u00bb global_colors_info=\u00a0\u00bb{}\u00a0\u00bb][et_pb_text _builder_version=\u00a0\u00bb4.27.4&Prime; _module_preset=\u00a0\u00bbdefault\u00a0\u00bb custom_margin=\u00a0\u00bb0px||0px||false|false\u00a0\u00bb custom_padding=\u00a0\u00bb0px||0px||false|false\u00a0\u00bb global_colors_info=\u00a0\u00bb{}\u00a0\u00bb]<\/p>\n<h3 style=\"text-align: center;\">Ils utilisent Jova pour faire des ventes avec Linkedin<\/h3>\n<p>[\/et_pb_text][dipi_carousel columns=\u00a0\u00bb6&Prime; loop_wide=\u00a0\u00bbon\u00a0\u00bb autoplay_wide=\u00a0\u00bbon\u00a0\u00bb autoplay_speed_wide=\u00a0\u00bb2001&Prime; show_lightbox=\u00a0\u00bboff\u00a0\u00bb navigation_color=\u00a0\u00bb#0F1F3A\u00a0\u00bb columns_tablet=\u00a0\u00bb6&Prime; columns_phone=\u00a0\u00bb2&Prime; columns_last_edited=\u00a0\u00bbon|phone\u00a0\u00bb _builder_version=\u00a0\u00bb4.27.3&Prime; _module_preset=\u00a0\u00bbdefault\u00a0\u00bb custom_margin=\u00a0\u00bb0px||||false|false\u00a0\u00bb filter_saturate=\u00a0\u00bb0%\u00a0\u00bb global_colors_info=\u00a0\u00bb{}\u00a0\u00bb][dipi_carousel_child img_src=\u00a0\u00bbhttps:\/\/getjova.com\/wp-content\/uploads\/2025\/02\/3.webp\u00a0\u00bb alt=\u00a0\u00bb3&Prime; _builder_version=\u00a0\u00bb4.27.3&Prime; _module_preset=\u00a0\u00bbdefault\u00a0\u00bb global_colors_info=\u00a0\u00bb{}\u00a0\u00bb][\/dipi_carousel_child][dipi_carousel_child img_src=\u00a0\u00bbhttps:\/\/getjova.com\/wp-content\/uploads\/2025\/01\/logo_pragmea.webp\u00a0\u00bb _builder_version=\u00a0\u00bb4.27.3&Prime; _module_preset=\u00a0\u00bbdefault\u00a0\u00bb global_colors_info=\u00a0\u00bb{}\u00a0\u00bb][\/dipi_carousel_child][dipi_carousel_child img_src=\u00a0\u00bbhttps:\/\/getjova.com\/wp-content\/uploads\/2025\/01\/logo_adf_systemes.webp\u00a0\u00bb _builder_version=\u00a0\u00bb4.27.3&Prime; _module_preset=\u00a0\u00bbdefault\u00a0\u00bb global_colors_info=\u00a0\u00bb{}\u00a0\u00bb][\/dipi_carousel_child][dipi_carousel_child img_src=\u00a0\u00bbhttps:\/\/getjova.com\/wp-content\/uploads\/2025\/01\/logo_clsystems.webp\u00a0\u00bb _builder_version=\u00a0\u00bb4.27.3&Prime; _module_preset=\u00a0\u00bbdefault\u00a0\u00bb global_colors_info=\u00a0\u00bb{}\u00a0\u00bb][\/dipi_carousel_child][dipi_carousel_child img_src=\u00a0\u00bbhttps:\/\/getjova.com\/wp-content\/uploads\/2025\/01\/logo_planet-observer.webp\u00a0\u00bb _builder_version=\u00a0\u00bb4.27.3&Prime; _module_preset=\u00a0\u00bbdefault\u00a0\u00bb global_colors_info=\u00a0\u00bb{}\u00a0\u00bb][\/dipi_carousel_child][dipi_carousel_child img_src=\u00a0\u00bbhttps:\/\/getjova.com\/wp-content\/uploads\/2025\/01\/logo_surindep.webp\u00a0\u00bb _builder_version=\u00a0\u00bb4.27.3&Prime; _module_preset=\u00a0\u00bbdefault\u00a0\u00bb global_colors_info=\u00a0\u00bb{}\u00a0\u00bb][\/dipi_carousel_child][dipi_carousel_child img_src=\u00a0\u00bbhttps:\/\/getjova.com\/wp-content\/uploads\/2025\/01\/logo_showlab.webp\u00a0\u00bb _builder_version=\u00a0\u00bb4.27.3&Prime; _module_preset=\u00a0\u00bbdefault\u00a0\u00bb global_colors_info=\u00a0\u00bb{}\u00a0\u00bb][\/dipi_carousel_child][dipi_carousel_child img_src=\u00a0\u00bbhttps:\/\/getjova.com\/wp-content\/uploads\/2025\/01\/logo_artmeta.webp\u00a0\u00bb _builder_version=\u00a0\u00bb4.27.3&Prime; _module_preset=\u00a0\u00bbdefault\u00a0\u00bb global_colors_info=\u00a0\u00bb{}\u00a0\u00bb][\/dipi_carousel_child][dipi_carousel_child img_src=\u00a0\u00bbhttps:\/\/getjova.com\/wp-content\/uploads\/2025\/02\/1-1.webp\u00a0\u00bb alt=\u00a0\u00bb1&Prime; _builder_version=\u00a0\u00bb4.27.3&Prime; _module_preset=\u00a0\u00bbdefault\u00a0\u00bb global_colors_info=\u00a0\u00bb{}\u00a0\u00bb][\/dipi_carousel_child][dipi_carousel_child img_src=\u00a0\u00bbhttps:\/\/getjova.com\/wp-content\/uploads\/2025\/02\/2-1.webp\u00a0\u00bb alt=\u00a0\u00bb2&Prime; _builder_version=\u00a0\u00bb4.27.3&Prime; _module_preset=\u00a0\u00bbdefault\u00a0\u00bb global_colors_info=\u00a0\u00bb{}\u00a0\u00bb][\/dipi_carousel_child][dipi_carousel_child img_src=\u00a0\u00bbhttps:\/\/getjova.com\/wp-content\/uploads\/2025\/02\/4-1.webp\u00a0\u00bb alt=\u00a0\u00bb4&Prime; _builder_version=\u00a0\u00bb4.27.3&Prime; _module_preset=\u00a0\u00bbdefault\u00a0\u00bb global_colors_info=\u00a0\u00bb{}\u00a0\u00bb][\/dipi_carousel_child][dipi_carousel_child img_src=\u00a0\u00bbhttps:\/\/getjova.com\/wp-content\/uploads\/2025\/02\/design-sans-titre.webp\u00a0\u00bb alt=\u00a0\u00bbDesign sans titre\u00a0\u00bb _builder_version=\u00a0\u00bb4.27.3&Prime; _module_preset=\u00a0\u00bbdefault\u00a0\u00bb global_colors_info=\u00a0\u00bb{}\u00a0\u00bb][\/dipi_carousel_child][\/dipi_carousel][\/et_pb_column][\/et_pb_row][et_pb_row use_custom_gutter=\u00a0\u00bbon\u00a0\u00bb gutter_width=\u00a0\u00bb1&Prime; _builder_version=\u00a0\u00bb4.27.4&Prime; _module_preset=\u00a0\u00bbdefault\u00a0\u00bb background_color=\u00a0\u00bb#ffffff\u00a0\u00bb background_image=\u00a0\u00bbhttps:\/\/getjova.com\/wp-content\/uploads\/2025\/01\/stats-scaled.webp\u00a0\u00bb max_width=\u00a0\u00bb90vw\u00a0\u00bb custom_margin=\u00a0\u00bb-50px||||false|false\u00a0\u00bb custom_padding=\u00a0\u00bb||100px||false|true\u00a0\u00bb border_radii=\u00a0\u00bbon|10px|10px|10px|10px\u00a0\u00bb border_color_all=\u00a0\u00bb#F4F5F9&Prime; box_shadow_style=\u00a0\u00bbpreset1&Prime; global_colors_info=\u00a0\u00bb{}\u00a0\u00bb][et_pb_column type=\u00a0\u00bb4_4&Prime; _builder_version=\u00a0\u00bb4.27.3&Prime; _module_preset=\u00a0\u00bbdefault\u00a0\u00bb background_color=\u00a0\u00bbRGBA(255,255,255,0)\u00a0\u00bb custom_padding=\u00a0\u00bb|50px||50px|false|true\u00a0\u00bb custom_padding_tablet=\u00a0\u00bb|50px||50px|false|true\u00a0\u00bb custom_padding_phone=\u00a0\u00bb|30px||30px|false|true\u00a0\u00bb custom_padding_last_edited=\u00a0\u00bbon|phone\u00a0\u00bb global_colors_info=\u00a0\u00bb{}\u00a0\u00bb][dipi_text_highlighter text_highlighter_text=\u00a0\u00bbFaites plus de ventes d\u00e8s maintenant \u00a0\u00bb text_highlighter_suffix=\u00a0\u00bbsur Linkedin en quelques clics\u00a0\u00bb text_direction=\u00a0\u00bbblock\u00a0\u00bb stroke_color=\u00a0\u00bbRGBA(255,255,255,0)\u00a0\u00bb _builder_version=\u00a0\u00bb4.27.3&Prime; _module_preset=\u00a0\u00bbdefault\u00a0\u00bb all_text_text_align=\u00a0\u00bbleft\u00a0\u00bb all_text_text_color=\u00a0\u00bb#0F1F3A\u00a0\u00bb all_text_font_size=\u00a0\u00bb35px\u00a0\u00bb sufix_text_text_color=\u00a0\u00bb#92A2FE\u00a0\u00bb custom_margin=\u00a0\u00bb57px||-1px|||\u00a0\u00bb custom_padding=\u00a0\u00bb||24px||false|true\u00a0\u00bb global_colors_info=\u00a0\u00bb{}\u00a0\u00bb][\/dipi_text_highlighter][et_pb_button button_url=\u00a0\u00bbhttps:\/\/getjova.com\/\u00a0\u00bb url_new_window=\u00a0\u00bbon\u00a0\u00bb button_text=\u00a0\u00bbD\u00e9couvrir Jova\u00a0\u00bb button_alignment=\u00a0\u00bbleft\u00a0\u00bb _builder_version=\u00a0\u00bb4.27.3&Prime; background_layout=\u00a0\u00bbdark\u00a0\u00bb global_colors_info=\u00a0\u00bb{}\u00a0\u00bb][\/et_pb_button][\/et_pb_column][\/et_pb_row][\/et_pb_section]<\/p>\n","protected":false},"excerpt":{"rendered":"<p>17 ressources pour d\u00e9velopper ses ventes en 2025 gr\u00e2ce \u00e0 LinkedIn \ud83d\udcc8<\/p>\n","protected":false},"author":25,"featured_media":0,"parent":0,"menu_order":0,"comment_status":"closed","ping_status":"closed","template":"page-template-blank.php","meta":{"_et_pb_use_builder":"on","_et_pb_old_content":"","_et_gb_content_width":"","footnotes":""},"dipi_cpt_category":[],"class_list":["post-6200","page","type-page","status-publish","hentry"],"_links":{"self":[{"href":"https:\/\/getjova.com\/fr\/wp-json\/wp\/v2\/pages\/6200","targetHints":{"allow":["GET"]}}],"collection":[{"href":"https:\/\/getjova.com\/fr\/wp-json\/wp\/v2\/pages"}],"about":[{"href":"https:\/\/getjova.com\/fr\/wp-json\/wp\/v2\/types\/page"}],"author":[{"embeddable":true,"href":"https:\/\/getjova.com\/fr\/wp-json\/wp\/v2\/users\/25"}],"replies":[{"embeddable":true,"href":"https:\/\/getjova.com\/fr\/wp-json\/wp\/v2\/comments?post=6200"}],"version-history":[{"count":15,"href":"https:\/\/getjova.com\/fr\/wp-json\/wp\/v2\/pages\/6200\/revisions"}],"predecessor-version":[{"id":8450,"href":"https:\/\/getjova.com\/fr\/wp-json\/wp\/v2\/pages\/6200\/revisions\/8450"}],"wp:attachment":[{"href":"https:\/\/getjova.com\/fr\/wp-json\/wp\/v2\/media?parent=6200"}],"wp:term":[{"taxonomy":"dipi_cpt_category","embeddable":true,"href":"https:\/\/getjova.com\/fr\/wp-json\/wp\/v2\/dipi_cpt_category?post=6200"}],"curies":[{"name":"wp","href":"https:\/\/api.w.org\/{rel}","templated":true}]}}